{"id":3,"date":"2021-11-03T18:57:09","date_gmt":"2021-11-03T18:57:09","guid":{"rendered":"https:\/\/www.geneticaps.com\/en\/?page_id=3"},"modified":"2024-07-23T06:08:19","modified_gmt":"2024-07-23T06:08:19","slug":"aviso-de-privacidad","status":"publish","type":"page","link":"https:\/\/www.geneticaps.com\/en\/aviso-de-privacidad\/","title":{"rendered":"AVISO DE PRIVACIDAD"},"content":{"rendered":"\t\t<div data-elementor-type=\"wp-page\" data-elementor-id=\"3\" class=\"elementor elementor-3\" data-elementor-settings=\"[]\">\n\t\t\t\t\t\t\t<div class=\"elementor-section-wrap\">\n\t\t\t\t\t\t\t<section class=\"elementor-section elementor-top-section elementor-element elementor-element-66bcd35 elementor-section-boxed elementor-section-height-default elementor-section-height-default\" data-id=\"66bcd35\" data-element_type=\"section\">\n\t\t\t\t\t\t<div class=\"elementor-container elementor-column-gap-default\">\n\t\t\t\t\t<div class=\"elementor-column elementor-col-100 elementor-top-column elementor-element elementor-element-7f268ef2\" data-id=\"7f268ef2\" data-element_type=\"column\">\n\t\t\t<div class=\"elementor-widget-wrap elementor-element-populated\">\n\t\t\t\t\t\t\t\t<div class=\"elementor-element elementor-element-618f38a8 elementor-widget elementor-widget-text-editor\" data-id=\"618f38a8\" data-element_type=\"widget\" data-widget_type=\"text-editor.default\">\n\t\t\t\t<div class=\"elementor-widget-container\">\n\t\t\t\t\t<div class=\"elementor-text-editor elementor-clearfix\"><!-- wp:heading -->\n<h1 class=\"entry-title\" style=\"text-align: center;\"><strong><br \/>AVISO DE PRIVACIDAD<\/strong><\/h1>\n<p class=\"p1\"><span class=\"s1\"><strong>Gen\u00e9tica Premium Semillas, S. de R.L. de C.V.<\/strong>\u00a0es una empresa legalmente constituida de conformidad con las leyes mexicanas. Reconoce el derecho de todos de proteger sus datos personales y hace de su conocimiento que la informaci\u00f3n de nuestros asociados es tratada de forma estrictamente confidencial por lo que al proporcionar sus datos personales, \u00e9stos ser\u00e1n utilizados \u00fanica y exclusivamente para los siguientes fines:<\/span><\/p>\n<ul>\n<li><span class=\"s3\">Ofrecer informaci\u00f3n de nuestros servicios.<\/span><\/li>\n<li><span class=\"s3\">Realizar an\u00e1lisis estad\u00edsticos de satisfacci\u00f3n al cliente.<\/span><\/li>\n<li><span class=\"s3\">Mantener Actualizadas nuestras base de datos.<\/span><\/li>\n<li><span class=\"s3\">Para ventas en general.<\/span><\/li>\n<\/ul>\n<p class=\"p1\"><span class=\"s1\">Para prevenir el acceso no autorizado a sus datos personales y con el fin de asegurar que la informaci\u00f3n sea utilizada para los fines establecidos en este aviso de privacidad, hemos establecido diversos procedimientos con la finalidad de evitar el uso o divulgaci\u00f3n de sus datos, permiti\u00e9ndonos tratarlos debidamente.<\/span><\/p>\n<p class=\"p1\"><span class=\"s1\">La informaci\u00f3n recopilada no ser\u00e1 vendida, ni compartida a terceros con fines distintos a la actividad comercial de <strong>Gen\u00e9tica Premium Semillas, S. de R.L. de C.V.<\/strong><\/span><\/p>\n<p class=\"p1\"><span class=\"s1\">Todos sus datos personales son tratados de acuerdo a la legislaci\u00f3n aplicable y vigente en el pa\u00eds, por ello le informamos que usted tiene en todo momento los derechos de acceder, rectificar, cancelar u oponerse al tratamiento que le damos a sus datos personales; (Nombre. Domicilio, tel\u00e9fono y correo electr\u00f3nico) Datos sensibles: (Datos financieros y patrimoniales) derecho que podr\u00e1 ejercer a trav\u00e9s del\u00a0\u00e1rea IFAI encargado de seguridad de datos personales.<\/span><\/p>\n<p class=\"p1\"><span class=\"s1\">Este aviso de privacidad podr\u00e1 ser modificado por <strong>Gen\u00e9tica Premium Semillas, S. de R.L. de C.V.<\/strong>\u00a0Dichas modificaciones ser\u00e1n oportunamente informadas a trav\u00e9s de nuestra p\u00e1gina web.<\/span><\/p>\n<!-- \/wp:paragraph --><\/div>\n\t\t\t\t<\/div>\n\t\t\t\t<\/div>\n\t\t\t\t\t<\/div>\n\t\t<\/div>\n\t\t\t\t\t\t\t<\/div>\n\t\t<\/section>\n\t\t\t\t\t\t<\/div>\n\t\t\t\t\t<\/div>\n\t\t","protected":false},"excerpt":{"rendered":"<p>AVISO DE PRIVACIDAD Gen\u00e9tica Premium Semillas, S. de R.L. de C.V.\u00a0es una empresa legalmente constituida de conformidad con las leyes mexicanas. Reconoce el derecho de todos de proteger sus datos personales y hace de su conocimiento que la informaci\u00f3n de nuestros asociados es tratada de forma estrictamente confidencial por lo que al proporcionar sus datos &hellip;<\/p>\n<p class=\"read-more\"> <a class=\"\" href=\"https:\/\/www.geneticaps.com\/en\/aviso-de-privacidad\/\"> <span class=\"screen-reader-text\">AVISO DE PRIVACIDAD<\/span> Leer m\u00e1s &raquo;<\/a><\/p>\n","protected":false},"author":2,"featured_media":0,"parent":0,"menu_order":0,"comment_status":"closed","ping_status":"open","template":"","meta":{"site-sidebar-layout":"default","site-content-layout":"default","ast-main-header-display":"","ast-hfb-above-header-display":"","ast-hfb-below-header-display":"","ast-hfb-mobile-header-display":"","site-post-title":"disabled","ast-breadcrumbs-content":"","ast-featured-img":"","footer-sml-layout":"","theme-transparent-header-meta":"default","adv-header-id-meta":"","stick-header-meta":"","header-above-stick-meta":"","header-main-stick-meta":"","header-below-stick-meta":"","footnotes":""},"class_list":["post-3","page","type-page","status-publish","hentry"],"_links":{"self":[{"href":"https:\/\/www.geneticaps.com\/en\/wp-json\/wp\/v2\/pages\/3","targetHints":{"allow":["GET"]}}],"collection":[{"href":"https:\/\/www.geneticaps.com\/en\/wp-json\/wp\/v2\/pages"}],"about":[{"href":"https:\/\/www.geneticaps.com\/en\/wp-json\/wp\/v2\/types\/page"}],"author":[{"embeddable":true,"href":"https:\/\/www.geneticaps.com\/en\/wp-json\/wp\/v2\/users\/2"}],"replies":[{"embeddable":true,"href":"https:\/\/www.geneticaps.com\/en\/wp-json\/wp\/v2\/comments?post=3"}],"version-history":[{"count":22,"href":"https:\/\/www.geneticaps.com\/en\/wp-json\/wp\/v2\/pages\/3\/revisions"}],"predecessor-version":[{"id":2474,"href":"https:\/\/www.geneticaps.com\/en\/wp-json\/wp\/v2\/pages\/3\/revisions\/2474"}],"wp:attachment":[{"href":"https:\/\/www.geneticaps.com\/en\/wp-json\/wp\/v2\/media?parent=3"}],"curies":[{"name":"wp","href":"https:\/\/api.w.org\/{rel}","templated":true}]}}